{"id":13,"date":"2020-04-30T15:58:33","date_gmt":"2020-04-30T13:58:33","guid":{"rendered":"http:\/\/adn-bureautique.com\/?page_id=13"},"modified":"2021-02-24T20:08:25","modified_gmt":"2021-02-24T19:08:25","slug":"one-page-express","status":"publish","type":"page","link":"https:\/\/adn-bureautique.com\/","title":{"rendered":"Front Page"},"content":{"rendered":"<div id=\"portfolio-1\" class=\"portfolio-cards-section\" style=\"background-color: #ffffff;\" data-label=\"Portfolio\" data-id=\"portfolio-cards-section\" data-category=\"portfolio\">\n<div class=\"\">\n<div class=\"portfolio-cards-textcol dynamic-color\" data-type=\"column\">\n<h3 class=\"\">Nos m\u00e9tiers<\/h3>\n<div class=\"spacer\" data-type=\"group\"><\/div>\n<h4 class=\"\">Vos projets, notre ADN<\/h4>\n<\/div>\n<div class=\"portfolio-cards-projectsro dark-text\" data-type=\"row\">\n<div class=\"portfolio-cards-projectcol cp4cols cp6cols-tablet\">\n<div class=\"portfolio-cards-projectcard\">\n<div id=\"ContentSwap104\" class=\"contentswap-effect ContentSwap104\">\n<div class=\"ContentSwap104_content initial-image\"><img class=\"portfolio-cards-projectimg\" src=\"https:\/\/adn-bureautique.com\/wp-content\/uploads\/2020\/05\/cropped-C256i-C356i-canon-printer-1-1.jpg\" data-size=\"1200x800\" \/><\/div>\n<div class=\"overlay\" style=\"display: block; opacity: 1;\"><\/div>\n<div class=\"swap-inner\" style=\"opacity: 1; display: block;\">\n<div class=\"ContentSwap104-center\"><\/div>\n<\/div>\n<\/div>\n<div class=\"portfolio-cards-projectinfo\">\n<div class=\"portfolio-cards-projnamecol\" data-type=\"column\">\n<h4 class=\"portfolio-cards-projtitle\">Syst\u00e8mes d\u2019impression<\/h4>\n<\/div>\n<\/div>\n<\/div>\n<\/div>\n<div class=\"portfolio-cards-projectcol cp4cols cp6cols-tablet\">\n<div class=\"portfolio-cards-projectcard\">\n<div id=\"ContentSwap104\" class=\"contentswap-effect ContentSwap104\">\n<div class=\"ContentSwap104_content initial-image\"><img class=\"portfolio-cards-projectimg\" src=\"https:\/\/adn-bureautique.com\/wp-content\/uploads\/2020\/04\/cropped-voip3-4.jpg\" data-size=\"1200x800\" \/><\/div>\n<div class=\"overlay\" style=\"display: block; opacity: 1;\"><\/div>\n<div class=\"swap-inner\" style=\"opacity: 1; display: block;\">\n<div class=\"ContentSwap104-center\"><\/div>\n<\/div>\n<\/div>\n<div class=\"portfolio-cards-projectinfo\">\n<div class=\"portfolio-cards-projnamecol\" data-type=\"column\">\n<h4 class=\"portfolio-cards-projtitle\">T\u00e9l\u00e9phonie d\u2019entreprise<\/h4>\n<\/div>\n<\/div>\n<\/div>\n<\/div>\n<div class=\"portfolio-cards-projectcol cp4cols cp6cols-tablet\">\n<div class=\"portfolio-cards-projectcard\">\n<div id=\"ContentSwap104\" class=\"contentswap-effect ContentSwap104\">\n<div class=\"ContentSwap104_content initial-image\"><img class=\"portfolio-cards-projectimg\" src=\"https:\/\/adn-bureautique.com\/wp-content\/uploads\/2020\/06\/cropped-informatique.jpg\" data-size=\"1200x800\" \/><\/div>\n<div class=\"overlay\" style=\"display: block; opacity: 1;\"><\/div>\n<div class=\"swap-inner\" style=\"opacity: 1; display: block;\">\n<div class=\"ContentSwap104-center\"><\/div>\n<\/div>\n<\/div>\n<div class=\"portfolio-cards-projectinfo\">\n<div class=\"portfolio-cards-projnamecol\" data-type=\"column\">\n<h4 class=\"portfolio-cards-projtitle\">Informatique<\/h4>\n<\/div>\n<\/div>\n<\/div>\n<\/div>\n<\/div>\n<\/div>\n<\/div>\n<div id=\"systemes-d-impression-1\" class=\"about-big-images-section\" style=\"background-color: #f6f6f6;\" data-label=\"Syst\u00e8mes d'impression\" data-id=\"about-big-images-section\" data-category=\"about\">\n<div class=\"\">\n<div class=\"about-big-images-textrow\">\n<div class=\"about-big-images-textcol dynamic-color\" data-type=\"column\">\n<h3 class=\"\">Syst\u00e8mes d\u2019impression<\/h3>\n<p class=\"\">L\u2019impression est un besoin essentiel au sein de l\u2019entreprise.<\/p>\nFort de notre exp\u00e9rience, nous nous engageons \u00e0 vous fournir un service d\u2019excellence et sur mesure adapt\u00e9 \u00e0 vos besoins sur les derni\u00e8res gammes.\n\nA l\u2019achat ou \u00e0 la location, confiez nous la gestion de votre parc d\u2019impression et ma\u00eetriser vos co\u00fbts afin de n\u2019avoir aucune surprise \u00e0 l\u2019arriv\u00e9e.\n\nNotre contrat de maintenance veille \u00e0 assurer le bon fonctionnement de votre mat\u00e9riel en incluant la hotline, le d\u00e9placement du technicien, l\u2019envoi automatique des consommables ainsi que les visites pr\u00e9ventives.\n<h4 class=\"\">Restez concentr\u00e9 sur votre activit\u00e9, et gagner en productivit\u00e9<\/h4>\n<a class=\"button blue big\" href=\"#contact-4\" target=\"_self\" rel=\"noopener noreferrer\">Demandez votre devis<\/a>\n\n<\/div>\n<\/div>\n<\/div>\n<div class=\"about-big-images-bottomrow\">\n<div class=\"about-big-images-leftimgcol\"><img class=\"about-big-images-leftimg\" src=\"https:\/\/adn-bureautique.com\/wp-content\/uploads\/2020\/06\/canon-imagerunner-advance-c256i-3-19259-p.jpg\" \/><\/div>\n<div class=\"about-big-images-centerimgcol\"><img class=\"about-big-images-centerimg\" src=\"https:\/\/adn-bureautique.com\/wp-content\/uploads\/2020\/05\/canon-imagerunner-advance-c5500-series_tcm79-1433347.jpg\" \/><\/div>\n<div class=\"about-big-images-rightimgcol\"><img class=\"about-big-images-rightimg\" src=\"https:\/\/adn-bureautique.com\/wp-content\/uploads\/2020\/05\/C256i-C356i-canon-printer-2.jpg\" \/><\/div>\n<\/div>\n<\/div>\n<div id=\"telecom-1\" class=\"content-left-image-section\" style=\"background-color: #ffffff;\" data-id=\"content-image-left\" data-label=\"T\u00e9l\u00e9com\" data-category=\"content\">\n<div class=\"gridContainer\">\n<div class=\"row\">\n<div class=\"content-left-image-imgcol\" data-type=\"column\"><img class=\"\" src=\"https:\/\/adn-bureautique.com\/wp-content\/uploads\/2020\/04\/voip3.jpg\" \/><\/div>\n<div class=\"content-left-image-textcol dynamic-color\" data-type=\"column\">\n<h3 class=\"\">La t\u00e9l\u00e9phonie voIP<\/h3>\n<p class=\"large_text\">La t\u00e9l\u00e9phonie fixe voIP solution souple, innovante, simple et intuitive.\u00a0En fonction de vos besoins, une solution \u00e9tudi\u00e9e et adapt\u00e9e pour que vous puissiez profiter pleinement de tous les services qu\u2019offre cette nouvelle technologie telle que les communications unifi\u00e9es, appels illmit\u00e9s fixe et mobile national, l\u2019interface utilisateur afin de g\u00e9rer en interne votre infrastructure t\u00e9l\u00e9com.<\/p>\n\n<h4 class=\"\">Migrez d\u00e8s maintenant pour la t\u00e9l\u00e9phonie IP et g\u00e9n\u00e9rer des \u00e9conomies<\/h4>\n<a class=\"button blue\" href=\"#contact-4\" target=\"_self\" rel=\"noopener noreferrer\">Demandez votre devis<\/a>\n\n<\/div>\n<\/div>\n<\/div>\n<\/div>\n<div id=\"mobile\" class=\"content-full-right-image-section\" style=\"background-color: #f6f6f6;\" data-label=\"Mobile\" data-id=\"content-full-right-image-section\" data-category=\"content\">\n<div class=\"content-full-right-image-innerrow\">\n<div class=\"content-full-right-image-textcol dynamic-color\">\n<div class=\"\" data-type=\"column\">\n<h3 class=\"\">Forfaits mobile<\/h3>\n<p class=\"\">Nous disposons d\u2019un partenariat avec deux op\u00e9rateurs nous permettant de vous proposer \u00e0 la fois une excellente couverture r\u00e9seau ainsi que la meilleure tarification.<\/p>\nG\u00e9rez votre interface mobile, cr\u00e9ation ou portabilit\u00e9 de num\u00e9ro, facturation unique, stock de carte SIM pour les nouveaux arrivants, avoir un interlocuteur d\u00e9di\u00e9 \u00e0 votre compte et surtout un service client disponible pour vous \u00e0 tout moment sont nos r\u00e8gles pour vous satisfaire.\n<h4><\/h4>\n<h4><\/h4>\n<h4>Upgradez votre forfait vers la 5G !<\/h4>\n<\/div>\n<div class=\"content-full-right-image-featuresrow\">\n<div class=\"content-full-right-image-featurescol\" data-type=\"column\">\n\n<a class=\"button blue\" href=\"#contact-4\" target=\"_self\" rel=\"noopener noreferrer\">Demandez votre devis<\/a>\n\n<\/div>\n<\/div>\n<\/div>\n<div class=\"content-full-right-image-imgcol\" style=\"background-image: url('https:\/\/adn-bureautique.com\/wp-content\/uploads\/2020\/06\/fotolia_145670090-0.jpg');\" data-bg=\"image\"><\/div>\n<\/div>\n<\/div>\n<div id=\"liens-d-acces\" class=\"content-right-image-section\" style=\"background-color: #ffffff;\" data-id=\"content-image-right\" data-label=\"Liens d'acc\u00e8s\" data-category=\"content\">\n<div class=\"gridContainer\">\n<div class=\"content-right-image-gridcol\">\n<div class=\"content-right-image-textcol dynamic-color\" data-type=\"column\">\n<h3 class=\"\">Liens d\u2019acc\u00e8s internet<\/h3>\n<p class=\"large_text\">ADSL, SDSL, VDSL, Fibre mutualis\u00e9e, Fibre d\u00e9di\u00e9e nous nous engageons \u00e0 vous proposer la meilleure couverture de connexion selon votre \u00e9ligibilit\u00e9.<\/p>\n\n<h4 class=\"\">D\u00e9couvrez \u00e9galement nos liens d\u2019acc\u00e8s 4G<\/h4>\n<a class=\"button blue\" href=\"https:\/\/adn-bureautique.com?page_id=199\" target=\"_self\" rel=\"noopener noreferrer\"> Testez votre \u00e9ligibilit\u00e9 <\/a>\n\n<\/div>\n<div class=\"content-right-image-imgcol\" data-type=\"column\"><img class=\"\" src=\"https:\/\/adn-bureautique.com\/wp-content\/uploads\/2020\/04\/FIBRE.jpg\" \/><\/div>\n<\/div>\n<\/div>\n<\/div>\n<div id=\"informatique\" class=\"content-full-left-image-section\" style=\"background-color: #f6f6f6;\" data-id=\"content-full-left-image-section\" data-label=\"Informatique\" data-category=\"content\">\n<div class=\"content-full-left-image-innerrow gridContainer\">\n<div class=\"content-full-left-image-imgcol\" style=\"background-image: url('https:\/\/adn-bureautique.com\/wp-content\/uploads\/2020\/06\/informatique.jpg');\" data-bg=\"image\"><\/div>\n<div class=\"content-full-left-image-textcol dynamic-color\">\n<div class=\"\" data-type=\"column\">\n<h3 class=\"\">Informatique<\/h3>\n<p class=\"\">Nous proposons un large choix pour vos \u00e9quipements informatique en fonction de vos besoins, acquisition ou renouvellement de votre parc tel que les postes utilisateurs, le serveur, solutions de sauvegarde\u00a0 : nos \u00e9quipes s\u2019engagent \u00e0 vous proposer la meilleure solution.<\/p>\nNous avons plusieurs formules d\u2019infog\u00e9rance \u00e0 distance ou sur site afin de maintenir au mieux votre installation informatique.\n<h4 class=\"\">D\u00e9couvrez nos formules d\u2019infog\u00e9rance<\/h4>\n<\/div>\n<div class=\"content-full-left-image-featuresrow\">\n<div class=\"content-full-left-image-featurescol\" data-type=\"column\"><a class=\"button blue\" href=\"#contact-4\" target=\"_self\" rel=\"noopener noreferrer\">DEMANDEZ VOTRE DEVIS<\/a><\/div>\n<div class=\"content-full-left-image-featurescol\" data-type=\"column\"><\/div>\n<\/div>\n<\/div>\n<\/div>\n<\/div>\n<div id=\"contact-4\" class=\"contact-section-formsection white-text\" data-id=\"contact-section\" data-label=\"Contact\" data-category=\"contact\" data-bg=\"transparent\">\n<div>\n<div class=\"row_224\">\n<div class=\"contact-textrow\">\n<div class=\"contact-textcol dynamic-color\">\n<h2>NOUS CONTACTER<\/h2>\n<p class=\"white_text\">N\u2019h\u00e9sitez pas \u00e0 nous contacter pour un devis, une offre en cours, une demande d\u2019\u00e9ligibilit\u00e9 nous sommes joignable par t\u00e9l\u00e9phone au 01 84 20 16 97 ou via ce formulaire :<\/p>\n\n<\/div>\n<\/div>\n<\/div>\n<div class=\"contact-formcol\" data-editable=\"true\" data-content-shortcode=\"one_page_express_contact_form shortcode=&quot;contact-form-7 id=&amp;amp;quot;36&amp;amp;quot; title=&amp;amp;quot;Formulaire de contact 1&amp;amp;quot;&quot;\"><div role=\"form\" class=\"wpcf7\" id=\"wpcf7-f36-o1\" lang=\"fr-FR\" dir=\"ltr\">\n<div class=\"screen-reader-response\"><p role=\"status\" aria-live=\"polite\" aria-atomic=\"true\"><\/p> <ul><\/ul><\/div>\n<form action=\"\/index.php?rest_route=%2Fwp%2Fv2%2Fpages%2F13#wpcf7-f36-o1\" method=\"post\" class=\"wpcf7-form init\" novalidate=\"novalidate\" data-status=\"init\">\n<div style=\"display: none;\">\n<input type=\"hidden\" name=\"_wpcf7\" value=\"36\" \/>\n<input type=\"hidden\" name=\"_wpcf7_version\" value=\"5.5.6.1\" \/>\n<input type=\"hidden\" name=\"_wpcf7_locale\" value=\"fr_FR\" \/>\n<input type=\"hidden\" name=\"_wpcf7_unit_tag\" value=\"wpcf7-f36-o1\" \/>\n<input type=\"hidden\" name=\"_wpcf7_container_post\" value=\"0\" \/>\n<input type=\"hidden\" name=\"_wpcf7_posted_data_hash\" value=\"\" \/>\n<input type=\"hidden\" name=\"_wpcf7_recaptcha_response\" value=\"\" \/>\n<\/div>\n<p><label> Votre nom<br \/>\n    <span class=\"wpcf7-form-control-wrap your-name\"><input type=\"text\" name=\"your-name\" value=\"\" size=\"40\" class=\"wpcf7-form-control wpcf7-text wpcf7-validates-as-required\" aria-required=\"true\" aria-invalid=\"false\" \/><\/span> <\/label><\/p>\n<p><label> Raison sociale<br \/>\n    <span class=\"wpcf7-form-control-wrap your-name\"><input type=\"text\" name=\"your-name\" value=\"\" size=\"40\" class=\"wpcf7-form-control wpcf7-text wpcf7-validates-as-required\" aria-required=\"true\" aria-invalid=\"false\" \/><\/span> <\/label><\/p>\n<p><label> Votre adresse de messagerie<br \/>\n    <span class=\"wpcf7-form-control-wrap your-email\"><input type=\"email\" name=\"your-email\" value=\"\" size=\"40\" class=\"wpcf7-form-control wpcf7-text wpcf7-email wpcf7-validates-as-required wpcf7-validates-as-email\" aria-required=\"true\" aria-invalid=\"false\" \/><\/span> <\/label><\/p>\n<p><label> Num\u00e9ro de t\u00e9l\u00e9phone<br \/>\n    <span class=\"wpcf7-form-control-wrap your-name\"><input type=\"text\" name=\"your-name\" value=\"\" size=\"40\" class=\"wpcf7-form-control wpcf7-text wpcf7-validates-as-required\" aria-required=\"true\" aria-invalid=\"false\" \/><\/span> <\/label><\/p>\n<p><label> Message<br \/>\n    <span class=\"wpcf7-form-control-wrap your-message\"><textarea name=\"your-message\" cols=\"40\" rows=\"10\" class=\"wpcf7-form-control wpcf7-textarea\" aria-invalid=\"false\"><\/textarea><\/span> <\/label><\/p>\n<p><input type=\"submit\" value=\"Envoyer\" class=\"wpcf7-form-control has-spinner wpcf7-submit\" \/><\/p>\n<p><div id=\"cf7sr-69e0e060a8ab2\" class=\"cf7sr-g-recaptcha\" data-sitekey=\"6Ld1v6sdAAAAAATahNMSwJZ60bnpMN43DFrwMw6t\"><\/div><span class=\"wpcf7-form-control-wrap cf7sr-recaptcha\"><input type=\"hidden\" name=\"cf7sr-recaptcha\" value=\"\" class=\"wpcf7-form-control\"><\/span><\/p>\n<div class=\"wpcf7-response-output\" aria-hidden=\"true\"><\/div><\/form><\/div><\/div>\n<\/div>\n<\/div>","protected":false},"excerpt":{"rendered":"<p>Nos m\u00e9tiers Vos projets, notre ADN Syst\u00e8mes d\u2019impression T\u00e9l\u00e9phonie d\u2019entreprise Informatique Syst\u00e8mes d\u2019impression L\u2019impression est un besoin essentiel au sein de l\u2019entreprise. Fort de notre exp\u00e9rience, nous nous engageons \u00e0 vous fournir un service d\u2019excellence et sur mesure adapt\u00e9 \u00e0 vos besoins sur les derni\u00e8res gammes. A l\u2019achat ou \u00e0 la location, confiez nous la&hellip; <br \/> <a class=\"button small blue\" href=\"https:\/\/adn-bureautique.com\/?p=1\">Lire la suite<\/a><\/p>\n","protected":false},"author":1,"featured_media":0,"parent":0,"menu_order":0,"comment_status":"closed","ping_status":"closed","template":"","meta":[],"_links":{"self":[{"href":"https:\/\/adn-bureautique.com\/index.php?rest_route=\/wp\/v2\/pages\/13"}],"collection":[{"href":"https:\/\/adn-bureautique.com\/index.php?rest_route=\/wp\/v2\/pages"}],"about":[{"href":"https:\/\/adn-bureautique.com\/index.php?rest_route=\/wp\/v2\/types\/page"}],"author":[{"embeddable":true,"href":"https:\/\/adn-bureautique.com\/index.php?rest_route=\/wp\/v2\/users\/1"}],"replies":[{"embeddable":true,"href":"https:\/\/adn-bureautique.com\/index.php?rest_route=%2Fwp%2Fv2%2Fcomments&post=13"}],"version-history":[{"count":66,"href":"https:\/\/adn-bureautique.com\/index.php?rest_route=\/wp\/v2\/pages\/13\/revisions"}],"predecessor-version":[{"id":233,"href":"https:\/\/adn-bureautique.com\/index.php?rest_route=\/wp\/v2\/pages\/13\/revisions\/233"}],"wp:attachment":[{"href":"https:\/\/adn-bureautique.com\/index.php?rest_route=%2Fwp%2Fv2%2Fmedia&parent=13"}],"curies":[{"name":"wp","href":"https:\/\/api.w.org\/{rel}","templated":true}]}}